{"id":16,"date":"2025-07-05T16:41:19","date_gmt":"2025-07-05T16:41:19","guid":{"rendered":"http:\/\/localhost:8888\/?page_id=16"},"modified":"2026-04-07T06:18:12","modified_gmt":"2026-04-07T06:18:12","slug":"etusivu","status":"publish","type":"page","link":"https:\/\/www.fysioteemu.fi\/","title":{"rendered":"Etusivu"},"content":{"rendered":"\t\t<div data-elementor-type=\"wp-page\" data-elementor-id=\"16\" class=\"elementor elementor-16\">\n\t\t\t\t<div class=\"elementor-element elementor-element-e639262 e-flex e-con-boxed e-con e-parent\" data-id=\"e639262\" data-element_type=\"container\" data-e-type=\"container\">\n\t\t\t\t\t<div class=\"e-con-inner\">\n\t\t\t\t<div class=\"elementor-element elementor-element-7a62dd0 elementor-widget elementor-widget-image\" data-id=\"7a62dd0\" data-element_type=\"widget\" data-e-type=\"widget\" data-widget_type=\"image.default\">\n\t\t\t\t<div class=\"elementor-widget-container\">\n\t\t\t\t\t\t\t\t\t\t\t\t\t\t\t<img fetchpriority=\"high\" decoding=\"async\" width=\"908\" height=\"514\" src=\"https:\/\/www.fysioteemu.fi\/wp-content\/uploads\/2026\/03\/Copy-of-IMG_3132.png\" class=\"attachment-large size-large wp-image-368\" alt=\"\" srcset=\"https:\/\/www.fysioteemu.fi\/wp-content\/uploads\/2026\/03\/Copy-of-IMG_3132.png 908w, https:\/\/www.fysioteemu.fi\/wp-content\/uploads\/2026\/03\/Copy-of-IMG_3132-300x170.png 300w, https:\/\/www.fysioteemu.fi\/wp-content\/uploads\/2026\/03\/Copy-of-IMG_3132-768x435.png 768w\" sizes=\"(max-width: 908px) 100vw, 908px\" \/>\t\t\t\t\t\t\t\t\t\t\t\t\t\t\t<\/div>\n\t\t\t\t<\/div>\n\t\t\t\t<div class=\"elementor-element elementor-element-8932c98 anchor-offset elementor-widget elementor-widget-heading\" data-id=\"8932c98\" data-element_type=\"widget\" data-e-type=\"widget\" data-widget_type=\"heading.default\">\n\t\t\t\t<div class=\"elementor-widget-container\">\n\t\t\t\t\t<h1 class=\"elementor-heading-title elementor-size-default\">Parempaa arjen toimintakyky\u00e4 aivan tavallisille ihmisille<\/h1>\t\t\t\t<\/div>\n\t\t\t\t<\/div>\n\t\t\t\t<div class=\"elementor-element elementor-element-89f1374 elementor-widget elementor-widget-heading\" data-id=\"89f1374\" data-element_type=\"widget\" data-e-type=\"widget\" data-widget_type=\"heading.default\">\n\t\t\t\t<div class=\"elementor-widget-container\">\n\t\t\t\t\t<h2 class=\"elementor-heading-title elementor-size-default\">Ty\u00f6ik\u00e4iset - El\u00e4k\u00f6ityneet - Ik\u00e4\u00e4ntyneet<\/h2>\t\t\t\t<\/div>\n\t\t\t\t<\/div>\n\t\t\t\t\t<\/div>\n\t\t\t\t<\/div>\n\t\t<div class=\"elementor-element elementor-element-dd546ba e-flex e-con-boxed e-con e-parent\" data-id=\"dd546ba\" data-element_type=\"container\" data-e-type=\"container\" id=\"hinnasto\">\n\t\t\t\t\t<div class=\"e-con-inner\">\n\t\t<div class=\"elementor-element elementor-element-0ff6e87 e-con-full e-flex e-con e-child\" data-id=\"0ff6e87\" data-element_type=\"container\" data-e-type=\"container\">\n\t\t<div class=\"elementor-element elementor-element-12aaa9f e-con-full e-flex e-con e-child\" data-id=\"12aaa9f\" data-element_type=\"container\" data-e-type=\"container\">\n\t\t\t\t<div class=\"elementor-element elementor-element-c7ba810 elementor-align-right elementor-widget elementor-widget-button\" data-id=\"c7ba810\" data-element_type=\"widget\" data-e-type=\"widget\" data-widget_type=\"button.default\">\n\t\t\t\t<div class=\"elementor-widget-container\">\n\t\t\t\t\t\t\t\t\t<div class=\"elementor-button-wrapper\">\n\t\t\t\t\t<a class=\"elementor-button elementor-button-link elementor-size-sm\" href=\"https:\/\/nettivaraus6.ajas.fi\/fi\/508836500cd3\" target=\"_blank\" id=\"siirry_ajanvaraukseen\">\n\t\t\t\t\t\t<span class=\"elementor-button-content-wrapper\">\n\t\t\t\t\t\t\t\t\t<span class=\"elementor-button-text\">Siirry ajanvaraukseen<\/span>\n\t\t\t\t\t<\/span>\n\t\t\t\t\t<\/a>\n\t\t\t\t<\/div>\n\t\t\t\t\t\t\t\t<\/div>\n\t\t\t\t<\/div>\n\t\t<div class=\"elementor-element elementor-element-5fc269f e-con-full e-flex e-con e-child\" data-id=\"5fc269f\" data-element_type=\"container\" data-e-type=\"container\">\n\t\t\t\t<div class=\"elementor-element elementor-element-f3ce9b3 elementor-widget elementor-widget-heading\" data-id=\"f3ce9b3\" data-element_type=\"widget\" data-e-type=\"widget\" data-widget_type=\"heading.default\">\n\t\t\t\t<div class=\"elementor-widget-container\">\n\t\t\t\t\t<h2 class=\"elementor-heading-title elementor-size-default\">Hoidollinen fysioterapia<\/h2>\t\t\t\t<\/div>\n\t\t\t\t<\/div>\n\t\t\t\t<div class=\"elementor-element elementor-element-4fa98dc elementor-widget elementor-widget-text-editor\" data-id=\"4fa98dc\" data-element_type=\"widget\" data-e-type=\"widget\" data-widget_type=\"text-editor.default\">\n\t\t\t\t<div class=\"elementor-widget-container\">\n\t\t\t\t\t\t\t\t\t<p>K\u00e4rsitk\u00f6 vuosia piinanneesta selk\u00e4kivusta, johon kukaan ei ole l\u00f6yt\u00e4nyt syyt\u00e4? Tai ehk\u00e4 her\u00e4sit aamulla edellisp\u00e4iv\u00e4n haravointiurakan j\u00e4lkeen niin, ettei p\u00e4\u00e4 en\u00e4\u00e4 k\u00e4\u00e4nny? Vai oletko ajan saatossa huomannut, miten esineet helposti putoavat k\u00e4sist\u00e4, eik\u00e4 niiden nostaminen meinaa onnistua?<\/p><p>Hoidollisen fysioterapian vastaanotolla etsit\u00e4\u00e4n ja hoidetaan oireilujen juurisyy. Hoidollinen, manuaalinen k\u00e4sittely voi olla esimerkiksi lihasten sek\u00e4 rakenteiden hierontaa, trigger-pisteiden aktivointia, kylm\u00e4- ja kuumahoitoa tai faskioiden k\u00e4sittely\u00e4 aina sen mukaan, mik\u00e4 on asiakkaan tilanteen ja tavoitteiden kannalta tarpeen.<\/p>\t\t\t\t\t\t\t\t<\/div>\n\t\t\t\t<\/div>\n\t\t\t\t<\/div>\n\t\t\t\t<\/div>\n\t\t\t\t<\/div>\n\t\t<div class=\"elementor-element elementor-element-7404cc4 e-con-full e-flex e-con e-child\" data-id=\"7404cc4\" data-element_type=\"container\" data-e-type=\"container\">\n\t\t<div class=\"elementor-element elementor-element-5cf02e9 e-con-full e-flex e-con e-child\" data-id=\"5cf02e9\" data-element_type=\"container\" data-e-type=\"container\">\n\t\t\t\t<div class=\"elementor-element elementor-element-543b4bd elementor-widget elementor-widget-heading\" data-id=\"543b4bd\" data-element_type=\"widget\" data-e-type=\"widget\" data-widget_type=\"heading.default\">\n\t\t\t\t<div class=\"elementor-widget-container\">\n\t\t\t\t\t<h2 class=\"elementor-heading-title elementor-size-default\">Ajanvaraus<\/h2>\t\t\t\t<\/div>\n\t\t\t\t<\/div>\n\t\t\t\t<div class=\"elementor-element elementor-element-2e5d669 elementor-widget__width-initial elementor-widget elementor-widget-text-editor\" data-id=\"2e5d669\" data-element_type=\"widget\" data-e-type=\"widget\" data-widget_type=\"text-editor.default\">\n\t\t\t\t<div class=\"elementor-widget-container\">\n\t\t\t\t\t\t\t\t\t<p>Ajanvaraus nettiajanvarauksesta, puhelimitse (my\u00f6s tekstiviestit ja WhatsApp) tai s\u00e4hk\u00f6postitse. Nettiajanvarauksen ulkopuolisia aikoja voit tiedustella puhelimitse.\u00a0Muutoinkin voit aina olla matalalla kynnyksell\u00e4 yhteydess\u00e4: <br \/>Teemu Uusitalo, 041 328 0802, <a href=\"mailto:fysioterapeuttiteemu@gmail.com\">fysioterapeuttiteemu@gmail.com<\/a><\/p><p><strong>Varausehdot<\/strong>: varattu aika on peruttava v\u00e4hint\u00e4\u00e4n 24 tuntia ennen vastaanottoajan alkua. My\u00f6hemmin tehdyst\u00e4 peruutuksesta tai kokonaan peruuttamattomasta ajasta pid\u00e4t\u00e4n oikeuden veloittaa varatun palvelun t\u00e4yden hinnan.<\/p><p><a href=\"http:\/\/www.fysioteemu.fi\/?page_id=314\" target=\"_blank\" rel=\"noopener\">Ajanvarauspalvelun tietosuojaseloste<\/a><\/p>\t\t\t\t\t\t\t\t<\/div>\n\t\t\t\t<\/div>\n\t\t\t\t<\/div>\n\t\t<div class=\"elementor-element elementor-element-1752388 e-con-full e-flex e-con e-child\" data-id=\"1752388\" data-element_type=\"container\" data-e-type=\"container\">\n\t\t\t\t<div class=\"elementor-element elementor-element-773f5d4 elementor-widget elementor-widget-heading\" data-id=\"773f5d4\" data-element_type=\"widget\" data-e-type=\"widget\" data-widget_type=\"heading.default\">\n\t\t\t\t<div class=\"elementor-widget-container\">\n\t\t\t\t\t<h2 class=\"elementor-heading-title elementor-size-default\">Hinnasto<\/h2>\t\t\t\t<\/div>\n\t\t\t\t<\/div>\n\t\t\t\t<div class=\"elementor-element elementor-element-3bbd166 elementor-widget__width-initial elementor-widget elementor-widget-text-editor\" data-id=\"3bbd166\" data-element_type=\"widget\" data-e-type=\"widget\" data-widget_type=\"text-editor.default\">\n\t\t\t\t<div class=\"elementor-widget-container\">\n\t\t\t\t\t\t\t\t\t<p><strong>Kela korvaa kalenterivuodessa nelj\u00e4st\u00e4 fysioterapiak\u00e4ynnist\u00e4 15\u20ac\/k\u00e4ynti.\u00a0<br \/><\/strong>Kela-korvaus ei vaadi l\u00e4\u00e4k\u00e4rin l\u00e4hetett\u00e4.<\/p><p><strong>Ensik\u00e4ynti fysioterapia<\/strong> 60 min 59\u20ac<br \/><strong>Ensik\u00e4ynti hieronta<\/strong> 60 min 55\u20ac<\/p><p><strong>Fysioterapian<\/strong> <strong>kontrollik\u00e4ynti<\/strong> 45min 53\u20ac<br \/><strong>Fysioterapian<\/strong> <strong>kontrollik\u00e4ynti<\/strong> 30min 40\u20ac<\/p><p><strong>Hieronta<\/strong>, selk\u00e4+niska-hartiaseutu tai jalat 45min 49\u20ac<br \/><strong>Hieronta<\/strong>, niska-hartia 30min 40\u20ac<\/p><p><strong>Huom! <\/strong>Hieronta sopii hoidoksi silloin, kun oireiden syyt ovat tiedossa ja vaivat v\u00e4h\u00e4isi\u00e4.<\/p>\t\t\t\t\t\t\t\t<\/div>\n\t\t\t\t<\/div>\n\t\t\t\t<\/div>\n\t\t<div class=\"elementor-element elementor-element-8c92ca9 e-con-full e-flex e-con e-child\" data-id=\"8c92ca9\" data-element_type=\"container\" data-e-type=\"container\">\n\t\t\t\t<div class=\"elementor-element elementor-element-656d72c elementor-widget elementor-widget-heading\" data-id=\"656d72c\" data-element_type=\"widget\" data-e-type=\"widget\" data-widget_type=\"heading.default\">\n\t\t\t\t<div class=\"elementor-widget-container\">\n\t\t\t\t\t<h2 class=\"elementor-heading-title elementor-size-default\">Maksutavat<\/h2>\t\t\t\t<\/div>\n\t\t\t\t<\/div>\n\t\t\t\t<div class=\"elementor-element elementor-element-7b85518 elementor-widget elementor-widget-text-editor\" data-id=\"7b85518\" data-element_type=\"widget\" data-e-type=\"widget\" data-widget_type=\"text-editor.default\">\n\t\t\t\t<div class=\"elementor-widget-container\">\n\t\t\t\t\t\t\t\t\t<p><strong>Korttimaksu<\/strong><br \/><strong>Epassi<\/strong> (hyvinvointi, terveys ja hieronta)<br \/><strong>Edenred<\/strong> <strong>mobiili<\/strong> (terveys, hieronta)<br \/><strong>Smartum<\/strong> <strong>mobiili<\/strong> (terveysetu, hieronta)<\/p><p><strong>Lahjakorttien<\/strong> tiedustelut s\u00e4hk\u00f6postitse.\u00a0<\/p><p><strong>Fysioterapian kotik\u00e4ynnit<\/strong> (my\u00f6s hoivakoteihin ja palveluasumisen yksik\u00f6ihin) erillisen sopimuksen mukaan.<\/p>\t\t\t\t\t\t\t\t<\/div>\n\t\t\t\t<\/div>\n\t\t\t\t<\/div>\n\t\t\t\t<\/div>\n\t\t\t\t\t<\/div>\n\t\t\t\t<\/div>\n\t\t<div class=\"elementor-element elementor-element-2be2af5 e-flex e-con-boxed e-con e-parent\" data-id=\"2be2af5\" data-element_type=\"container\" data-e-type=\"container\" id=\"suositukset\">\n\t\t\t\t\t<div class=\"e-con-inner\">\n\t\t\t\t<div class=\"elementor-element elementor-element-718967d elementor-widget elementor-widget-heading\" data-id=\"718967d\" data-element_type=\"widget\" data-e-type=\"widget\" data-widget_type=\"heading.default\">\n\t\t\t\t<div class=\"elementor-widget-container\">\n\t\t\t\t\t<h1 class=\"elementor-heading-title elementor-size-default\">Asiakastarinat<\/h1>\t\t\t\t<\/div>\n\t\t\t\t<\/div>\n\t\t<div class=\"elementor-element elementor-element-81444e1 e-con-full e-flex e-con e-child\" data-id=\"81444e1\" data-element_type=\"container\" data-e-type=\"container\">\n\t\t<div class=\"elementor-element elementor-element-fd745a1 e-con-full e-grid e-con e-child\" data-id=\"fd745a1\" data-element_type=\"container\" data-e-type=\"container\">\n\t\t\t\t<div class=\"elementor-element elementor-element-137e7fc elementor-widget elementor-widget-eael-testimonial\" data-id=\"137e7fc\" data-element_type=\"widget\" data-e-type=\"widget\" data-widget_type=\"eael-testimonial.default\">\n\t\t\t\t<div class=\"elementor-widget-container\">\n\t\t\t\t\t\n\t<div id=\"eael-testimonial-137e7fc\" class=\"eael-testimonial-item clearfix  classic-style\">\n\t\t\t\t\t\t\t<div class=\"eael-testimonial-content\">\n\t\t\t\t<div class=\"eael-testimonial-text\"><p>Aluksi olin hieman skeptinen, mutta se karisi pian pois kun tajusin miten paljon Teemun k\u00e4sittelyll\u00e4 saan itselleni apua ja hyv\u00e4\u00e4 oloa. Teemun asiakasl\u00e4ht\u00f6inen k\u00e4sittely on ihan omaa luokkaansa. Olen jopa v\u00e4ltt\u00e4nyt l\u00e4\u00e4k\u00e4rik\u00e4yntej\u00e4 kun Teemu on pystynyt auttamaan.<\/p><p>Teemu on aidosti kiinnostunut mit\u00e4 kropalleni ja minulle kuuluu, ja miten voi auttaa. H\u00e4n ei lupaa sellaista mist\u00e4 tiet\u00e4\u00e4 ettei auta, mutta voi esimerkiksi helpottaa pysyvien vaivojen oireilua. Olen oppinut ymm\u00e4rt\u00e4m\u00e4\u00e4n omaa kehoani paremmin ja monet neuvot tulleet mieleen eri hetkiss\u00e4, kun Teemu niist\u00e4 hoidon ohessa puhunut.<\/p><\/div>\t\t\t\t<div class=\"clearfix\">\n\t\t\t\t\t<p class=\"eael-testimonial-user\">Tuula, 55 vuotta<\/p>\t\t\t\t<\/div>\n\t\t\t\t\t\t\t<\/div>\n\t\t\t\t\t\n\t\t\n\t\t\n\t\t\n\t\t\n\t\t\n\t\t\n\t\t\n\t\t<span class=\"eael-testimonial-quote\"><\/span>\n\t<\/div>\n\n\t\t\t\t\t<\/div>\n\t\t\t\t<\/div>\n\t\t\t\t<div class=\"elementor-element elementor-element-ed4ddba elementor-widget elementor-widget-eael-testimonial\" data-id=\"ed4ddba\" data-element_type=\"widget\" data-e-type=\"widget\" data-widget_type=\"eael-testimonial.default\">\n\t\t\t\t<div class=\"elementor-widget-container\">\n\t\t\t\t\t\n\t<div id=\"eael-testimonial-ed4ddba\" class=\"eael-testimonial-item clearfix  classic-style\">\n\t\t\t\t\t\t\t<div class=\"eael-testimonial-content\">\n\t\t\t\t<div class=\"eael-testimonial-text\"><p>Olen k\u00e4ynyt 15 vuotta hierojilla ja my\u00f6s monella fysioterapeutilla, enk\u00e4 ole koskaan ennen sellaista apua saanut, mit\u00e4 jo ensimm\u00e4isten k\u00e4yntien my\u00f6t\u00e4 sain Teemun vastaanotolta. Itselle t\u00e4rkeint\u00e4 on se, ett\u00e4 Teemua todella kiinnostaa asiakkaan vaiva, l\u00f6ytyy halua paneutua siihen sek\u00e4 siihen miten siihen saa avun.<\/p><p>Teemu ottaa aina aikaa selitt\u00e4\u00e4kseen asiakkaalle itselleen, mist\u00e4 mik\u00e4kin johtuu, ja mik\u00e4 siihen juurisyyhyn auttaa. Ettei hoideta pelk\u00e4st\u00e4\u00e4n oiretta.<\/p><\/div>\t\t\t\t<div class=\"clearfix\">\n\t\t\t\t\t<p class=\"eael-testimonial-user\">Kaisa, 32 vuotta<\/p>\t\t\t\t<\/div>\n\t\t\t\t\t\t\t<\/div>\n\t\t\t\t\t\n\t\t\n\t\t\n\t\t\n\t\t\n\t\t\n\t\t\n\t\t\n\t\t<span class=\"eael-testimonial-quote\"><\/span>\n\t<\/div>\n\n\t\t\t\t\t<\/div>\n\t\t\t\t<\/div>\n\t\t\t\t<div class=\"elementor-element elementor-element-7ba68d7 elementor-widget elementor-widget-eael-testimonial\" data-id=\"7ba68d7\" data-element_type=\"widget\" data-e-type=\"widget\" data-widget_type=\"eael-testimonial.default\">\n\t\t\t\t<div class=\"elementor-widget-container\">\n\t\t\t\t\t\n\t<div id=\"eael-testimonial-7ba68d7\" class=\"eael-testimonial-item clearfix  classic-style\">\n\t\t\t\t\t\t\t<div class=\"eael-testimonial-content\">\n\t\t\t\t<div class=\"eael-testimonial-text\"><p><span style=\"font-weight: 400\">Olen edunvalvojana erityisen kiitollinen siit\u00e4, kuinka k\u00e4rsiv\u00e4llisesti ja yksil\u00f6llisesti Teemu on huomioinut asiakkaan tarpeet ja toimintakyvyn rajoitteet. Harjoitteet ovat olleet h\u00e4nen voimatasoonsa sopivia ja samalla motivoivia, mik\u00e4 on auttanut yll\u00e4pit\u00e4m\u00e4\u00e4n arjen toimintakyky\u00e4 ja itsen\u00e4isyytt\u00e4 haastavassa tilanteessa. <\/span><\/p><p><span style=\"font-weight: 400\">Erityinen kiitos my\u00f6s siit\u00e4, ett\u00e4 Teemu on tuonut my\u00f6s koiransa vastaanotolle ilahduttamaan entist\u00e4 innokasta mets\u00e4stysmiest\u00e4.<\/span><\/p><\/div>\t\t\t\t<div class=\"clearfix\">\n\t\t\t\t\t<p class=\"eael-testimonial-user\">92-vuotiaan miehen edunvalvoja<\/p>\t\t\t\t<\/div>\n\t\t\t\t\t\t\t<\/div>\n\t\t\t\t\t\n\t\t\n\t\t\n\t\t\n\t\t\n\t\t\n\t\t\n\t\t\n\t\t<span class=\"eael-testimonial-quote\"><\/span>\n\t<\/div>\n\n\t\t\t\t\t<\/div>\n\t\t\t\t<\/div>\n\t\t\t\t<\/div>\n\t\t\t\t<\/div>\n\t\t\t\t\t<\/div>\n\t\t\t\t<\/div>\n\t\t<div class=\"elementor-element elementor-element-1cb506a anchor-offset e-flex e-con-boxed e-con e-parent\" data-id=\"1cb506a\" data-element_type=\"container\" data-e-type=\"container\" id=\"minusta\">\n\t\t\t\t\t<div class=\"e-con-inner\">\n\t\t\t\t<div class=\"elementor-element elementor-element-2edba25 elementor-widget elementor-widget-heading\" data-id=\"2edba25\" data-element_type=\"widget\" data-e-type=\"widget\" data-widget_type=\"heading.default\">\n\t\t\t\t<div class=\"elementor-widget-container\">\n\t\t\t\t\t<h1 class=\"elementor-heading-title elementor-size-default\">Teemu Uusitalo, FT<\/h1>\t\t\t\t<\/div>\n\t\t\t\t<\/div>\n\t\t<div class=\"elementor-element elementor-element-51843dc e-con-full e-flex e-con e-child\" data-id=\"51843dc\" data-element_type=\"container\" data-e-type=\"container\">\n\t\t\t\t<div class=\"elementor-element elementor-element-89eea96 elementor-widget elementor-widget-image\" data-id=\"89eea96\" data-element_type=\"widget\" data-e-type=\"widget\" data-widget_type=\"image.default\">\n\t\t\t\t<div class=\"elementor-widget-container\">\n\t\t\t\t\t\t\t\t\t\t\t\t\t\t\t<img decoding=\"async\" width=\"771\" height=\"851\" src=\"https:\/\/www.fysioteemu.fi\/wp-content\/uploads\/2026\/03\/Copy-of-IMG_3573.png\" class=\"attachment-large size-large wp-image-367\" alt=\"Fysioterapeutti Teemu Uusitalo ja Papu-koira Teemun vastaanotolla Sastamalassa. Teemu ja Papu istuvat fysioterapeutin hoitop\u00f6yd\u00e4ll\u00e4 ja poseeraavat vierekk\u00e4in kameralle. Teemulla on p\u00e4\u00e4ll\u00e4\u00e4n FysioTeemun logolla varustettu t-paita ja iloinen hymy huulilla. Papu katsoo kameraan rauhallisesti p\u00e4\u00e4 kallellaan.\" srcset=\"https:\/\/www.fysioteemu.fi\/wp-content\/uploads\/2026\/03\/Copy-of-IMG_3573.png 771w, https:\/\/www.fysioteemu.fi\/wp-content\/uploads\/2026\/03\/Copy-of-IMG_3573-272x300.png 272w, https:\/\/www.fysioteemu.fi\/wp-content\/uploads\/2026\/03\/Copy-of-IMG_3573-768x848.png 768w\" sizes=\"(max-width: 771px) 100vw, 771px\" \/>\t\t\t\t\t\t\t\t\t\t\t\t\t\t\t<\/div>\n\t\t\t\t<\/div>\n\t\t\t\t<div class=\"elementor-element elementor-element-412d48e elementor-widget elementor-widget-text-editor\" data-id=\"412d48e\" data-element_type=\"widget\" data-e-type=\"widget\" data-widget_type=\"text-editor.default\">\n\t\t\t\t<div class=\"elementor-widget-container\">\n\t\t\t\t\t\t\t\t\t<p><span style=\"font-weight: 400;\">Olen vuonna 2012 Tampereen ammattikorkeakoulusta (TAMK) valmistunut laillistettu fysioterapeutti. <strong>Hoidan kaikenik\u00e4isi\u00e4 asiakkaita sek\u00e4 kaikenlaisia vaivoja ja oireita<\/strong> aina \u00e4killisist\u00e4 tapaturmaisista oireista hitaasti kehittyneisiin, esimerkiksi ty\u00f6per\u00e4isiin oireisiin. Urallani olen erikoistunut ty\u00f6ik\u00e4isten, el\u00e4k\u00f6ityneiden ja ik\u00e4\u00e4ntyneiden liikkumis- ja toimintakyvyn parantamiseen.<\/span><\/p><p><span style=\"font-weight: 400;\"><strong>Tunnen hoitoketjun ja asiakkaan kuntoutumismatkan vaiheet<\/strong>, sill\u00e4 olen ty\u00f6skennellyt perusterveydenhuollossa, erikoissairaanhoidossa, yksityisell\u00e4 sek\u00e4 apuv\u00e4linepuolella yli kymmenen vuotta.<\/span><\/p><p><strong>Papu-koirani kulkee mukanani vastaanotolla sek\u00e4 kotik\u00e4ynneill\u00e4.<\/strong> Tottelevaisena ja hyvin koulutettuna, kokeneena hoivakodeissa k\u00e4vij\u00e4n\u00e4 Papu tuo mukanaan paitsi iloa, my\u00f6s terapeuttisia vaikutuksia.\u00a0<\/p><p><span style=\"font-weight: 400;\"><strong>Mottoni mukaan t\u00e4ytyy olla liitua, jotta voi piirt\u00e4\u00e4<\/strong>. Mahdollisten kotona teht\u00e4vien harjoitusten lis\u00e4ksi t\u00e4rke\u00e4 osa fysioterapiaa on manuaalinen k\u00e4sittely, kuten hieronta ja faskioiden k\u00e4sittely. Auttamalla keho vastaanottavaisempaan tilaan annetaan sille liitua, eli mahdollistetaan terveempi ja kivuttomampi liike ja toimintakyky. Sitten vain piirt\u00e4m\u00e4\u00e4n!<\/span><\/p>\t\t\t\t\t\t\t\t<\/div>\n\t\t\t\t<\/div>\n\t\t\t\t<\/div>\n\t\t\t\t<div class=\"elementor-element elementor-element-4e449d9 elementor-align-left elementor-widget elementor-widget-button\" data-id=\"4e449d9\" data-element_type=\"widget\" data-e-type=\"widget\" data-widget_type=\"button.default\">\n\t\t\t\t<div class=\"elementor-widget-container\">\n\t\t\t\t\t\t\t\t\t<div class=\"elementor-button-wrapper\">\n\t\t\t\t\t<a class=\"elementor-button elementor-button-link elementor-size-sm\" href=\"https:\/\/nettivaraus6.ajas.fi\/fi\/508836500cd3\" target=\"_blank\" id=\"siirry_ajanvaraukseen\">\n\t\t\t\t\t\t<span class=\"elementor-button-content-wrapper\">\n\t\t\t\t\t\t\t\t\t<span class=\"elementor-button-text\">Siirry ajanvaraukseen<\/span>\n\t\t\t\t\t<\/span>\n\t\t\t\t\t<\/a>\n\t\t\t\t<\/div>\n\t\t\t\t\t\t\t\t<\/div>\n\t\t\t\t<\/div>\n\t\t\t\t\t<\/div>\n\t\t\t\t<\/div>\n\t\t<div class=\"elementor-element elementor-element-b84b16d anchor-offset e-flex e-con-boxed e-con e-parent\" data-id=\"b84b16d\" data-element_type=\"container\" data-e-type=\"container\" id=\"yhteystiedot\">\n\t\t\t\t\t<div class=\"e-con-inner\">\n\t\t\t\t<div class=\"elementor-element elementor-element-f87c84b elementor-widget elementor-widget-heading\" data-id=\"f87c84b\" data-element_type=\"widget\" data-e-type=\"widget\" data-widget_type=\"heading.default\">\n\t\t\t\t<div class=\"elementor-widget-container\">\n\t\t\t\t\t<h1 class=\"elementor-heading-title elementor-size-default\">Yhteystiedot<\/h1>\t\t\t\t<\/div>\n\t\t\t\t<\/div>\n\t\t\t\t<div class=\"elementor-element elementor-element-eb95ed5 elementor-widget elementor-widget-text-editor\" data-id=\"eb95ed5\" data-element_type=\"widget\" data-e-type=\"widget\" data-widget_type=\"text-editor.default\">\n\t\t\t\t<div class=\"elementor-widget-container\">\n\t\t\t\t\t\t\t\t\t<p>s\u00e4hk\u00f6posti: <a href=\"mailto:fysioterapeuttiteemu@gmail.com\">fysioterapeuttiteemu@gmail.com<\/a><\/p><p>puhelin: 041 328 0802<\/p><p>toimipiste: Puistokatu 26, 38200 Sastamala<\/p>\t\t\t\t\t\t\t\t<\/div>\n\t\t\t\t<\/div>\n\t\t\t\t\t<\/div>\n\t\t\t\t<\/div>\n\t\t\t\t<\/div>\n\t\t","protected":false},"excerpt":{"rendered":"<p>Parempaa arjen toimintakyky\u00e4 aivan tavallisille ihmisille Ty\u00f6ik\u00e4iset &#8211; El\u00e4k\u00f6ityneet &#8211; Ik\u00e4\u00e4ntyneet Siirry ajanvaraukseen Hoidollinen fysioterapia K\u00e4rsitk\u00f6 vuosia piinanneesta selk\u00e4kivusta, johon kukaan ei ole l\u00f6yt\u00e4nyt syyt\u00e4? Tai ehk\u00e4 her\u00e4sit aamulla edellisp\u00e4iv\u00e4n haravointiurakan j\u00e4lkeen niin, ettei p\u00e4\u00e4 en\u00e4\u00e4 k\u00e4\u00e4nny? Vai oletko ajan saatossa huomannut, miten esineet helposti putoavat k\u00e4sist\u00e4, eik\u00e4 niiden nostaminen meinaa onnistua? Hoidollisen fysioterapian vastaanotolla [&hellip;]<\/p>\n","protected":false},"author":2,"featured_media":0,"parent":0,"menu_order":0,"comment_status":"closed","ping_status":"closed","template":"elementor_header_footer","meta":{"ocean_post_layout":"","ocean_both_sidebars_style":"","ocean_both_sidebars_content_width":0,"ocean_both_sidebars_sidebars_width":0,"ocean_sidebar":"","ocean_second_sidebar":"","ocean_disable_margins":"enable","ocean_add_body_class":"","ocean_shortcode_before_top_bar":"","ocean_shortcode_after_top_bar":"","ocean_shortcode_before_header":"","ocean_shortcode_after_header":"","ocean_has_shortcode":"","ocean_shortcode_after_title":"","ocean_shortcode_before_footer_widgets":"","ocean_shortcode_after_footer_widgets":"","ocean_shortcode_before_footer_bottom":"","ocean_shortcode_after_footer_bottom":"","ocean_display_top_bar":"default","ocean_display_header":"default","ocean_header_style":"","ocean_center_header_left_menu":"","ocean_custom_header_template":"","ocean_custom_logo":0,"ocean_custom_retina_logo":0,"ocean_custom_logo_max_width":0,"ocean_custom_logo_tablet_max_width":0,"ocean_custom_logo_mobile_max_width":0,"ocean_custom_logo_max_height":0,"ocean_custom_logo_tablet_max_height":0,"ocean_custom_logo_mobile_max_height":0,"ocean_header_custom_menu":"","ocean_menu_typo_font_family":"","ocean_menu_typo_font_subset":"","ocean_menu_typo_font_size":0,"ocean_menu_typo_font_size_tablet":0,"ocean_menu_typo_font_size_mobile":0,"ocean_menu_typo_font_size_unit":"px","ocean_menu_typo_font_weight":"","ocean_menu_typo_font_weight_tablet":"","ocean_menu_typo_font_weight_mobile":"","ocean_menu_typo_transform":"","ocean_menu_typo_transform_tablet":"","ocean_menu_typo_transform_mobile":"","ocean_menu_typo_line_height":0,"ocean_menu_typo_line_height_tablet":0,"ocean_menu_typo_line_height_mobile":0,"ocean_menu_typo_line_height_unit":"","ocean_menu_typo_spacing":0,"ocean_menu_typo_spacing_tablet":0,"ocean_menu_typo_spacing_mobile":0,"ocean_menu_typo_spacing_unit":"","ocean_menu_link_color":"","ocean_menu_link_color_hover":"","ocean_menu_link_color_active":"","ocean_menu_link_background":"","ocean_menu_link_hover_background":"","ocean_menu_link_active_background":"","ocean_menu_social_links_bg":"","ocean_menu_social_hover_links_bg":"","ocean_menu_social_links_color":"","ocean_menu_social_hover_links_color":"","ocean_disable_title":"default","ocean_disable_heading":"default","ocean_post_title":"","ocean_post_subheading":"","ocean_post_title_style":"","ocean_post_title_background_color":"","ocean_post_title_background":0,"ocean_post_title_bg_image_position":"","ocean_post_title_bg_image_attachment":"","ocean_post_title_bg_image_repeat":"","ocean_post_title_bg_image_size":"","ocean_post_title_height":0,"ocean_post_title_bg_overlay":0.5,"ocean_post_title_bg_overlay_color":"","ocean_disable_breadcrumbs":"default","ocean_breadcrumbs_color":"","ocean_breadcrumbs_separator_color":"","ocean_breadcrumbs_links_color":"","ocean_breadcrumbs_links_hover_color":"","ocean_display_footer_widgets":"default","ocean_display_footer_bottom":"default","ocean_custom_footer_template":"","footnotes":""},"class_list":["post-16","page","type-page","status-publish","hentry","entry"],"_links":{"self":[{"href":"https:\/\/www.fysioteemu.fi\/index.php?rest_route=\/wp\/v2\/pages\/16","targetHints":{"allow":["GET"]}}],"collection":[{"href":"https:\/\/www.fysioteemu.fi\/index.php?rest_route=\/wp\/v2\/pages"}],"about":[{"href":"https:\/\/www.fysioteemu.fi\/index.php?rest_route=\/wp\/v2\/types\/page"}],"author":[{"embeddable":true,"href":"https:\/\/www.fysioteemu.fi\/index.php?rest_route=\/wp\/v2\/users\/2"}],"replies":[{"embeddable":true,"href":"https:\/\/www.fysioteemu.fi\/index.php?rest_route=%2Fwp%2Fv2%2Fcomments&post=16"}],"version-history":[{"count":200,"href":"https:\/\/www.fysioteemu.fi\/index.php?rest_route=\/wp\/v2\/pages\/16\/revisions"}],"predecessor-version":[{"id":395,"href":"https:\/\/www.fysioteemu.fi\/index.php?rest_route=\/wp\/v2\/pages\/16\/revisions\/395"}],"wp:attachment":[{"href":"https:\/\/www.fysioteemu.fi\/index.php?rest_route=%2Fwp%2Fv2%2Fmedia&parent=16"}],"curies":[{"name":"wp","href":"https:\/\/api.w.org\/{rel}","templated":true}]}}