{"id":314,"date":"2025-08-05T19:57:40","date_gmt":"2025-08-05T19:57:40","guid":{"rendered":"http:\/\/localhost:8888\/?page_id=314"},"modified":"2025-08-05T19:59:40","modified_gmt":"2025-08-05T19:59:40","slug":"tietosuojaseloste","status":"publish","type":"page","link":"https:\/\/www.fysioteemu.fi\/?page_id=314","title":{"rendered":"Tietosuojaseloste"},"content":{"rendered":"\t\t<div data-elementor-type=\"wp-page\" data-elementor-id=\"314\" class=\"elementor elementor-314\">\n\t\t\t\t<div class=\"elementor-element elementor-element-7769311 e-flex e-con-boxed e-con e-parent\" data-id=\"7769311\" data-element_type=\"container\" data-e-type=\"container\">\n\t\t\t\t\t<div class=\"e-con-inner\">\n\t\t\t\t<div class=\"elementor-element elementor-element-17513a8 elementor-widget elementor-widget-heading\" data-id=\"17513a8\" data-element_type=\"widget\" data-e-type=\"widget\" data-widget_type=\"heading.default\">\n\t\t\t\t<div class=\"elementor-widget-container\">\n\t\t\t\t\t<h1 class=\"elementor-heading-title elementor-size-default\">Henkil\u00f6tietojen k\u00e4sittely<\/h1>\t\t\t\t<\/div>\n\t\t\t\t<\/div>\n\t\t\t\t<div class=\"elementor-element elementor-element-32641b2 elementor-widget elementor-widget-heading\" data-id=\"32641b2\" data-element_type=\"widget\" data-e-type=\"widget\" data-widget_type=\"heading.default\">\n\t\t\t\t<div class=\"elementor-widget-container\">\n\t\t\t\t\t<h2 class=\"elementor-heading-title elementor-size-default\">8.7.2025<\/h2>\t\t\t\t<\/div>\n\t\t\t\t<\/div>\n\t\t\t\t<div class=\"elementor-element elementor-element-b0977fa elementor-widget elementor-widget-text-editor\" data-id=\"b0977fa\" data-element_type=\"widget\" data-e-type=\"widget\" data-widget_type=\"text-editor.default\">\n\t\t\t\t<div class=\"elementor-widget-container\">\n\t\t\t\t\t\t\t\t\t<p><b>Rekisterinpit\u00e4j\u00e4<\/b><b><br \/><\/b><span style=\"font-weight: 400;\">FysioTeemu (3321891-1)<\/span><span style=\"font-weight: 400;\"><br \/><\/span><span style=\"font-weight: 400;\">Puistokatu 26, 38200 Sastamala<\/span><span style=\"font-weight: 400;\"><br \/><\/span><a href=\"http:\/\/www.fysioteemu.fi\"><span style=\"font-weight: 400;\">www.fysioteemu.fi<\/span><\/a><span style=\"font-weight: 400;\">\u00a0<\/span><\/p><p><b>Yhteyshenkil\u00f6:<\/b><span style=\"font-weight: 400;\"><br \/><\/span><span style=\"font-weight: 400;\">Teemu Uusitalo<\/span><span style=\"font-weight: 400;\"><br \/><\/span><a href=\"mailto:fysioterapeuttiteemu@gmail.com\"><span style=\"font-weight: 400;\">fysioterapeuttiteemu@gmail.com<\/span><\/a> <span style=\"font-weight: 400;\"><br \/><\/span><span style=\"font-weight: 400;\">041\u00a0328 0802<\/span><\/p><p><b>K\u00e4sittelyn tarkoitus ja tietol\u00e4hteet<\/b><b><br \/><\/b><span style=\"font-weight: 400;\">Henkil\u00f6tietoja k\u00e4sitell\u00e4\u00e4n asiakassuhteeseen liittyvien asioiden hoitamiseen ja hallinnointiin sek\u00e4 ajanvarauksia, laskutusta, maksamista, yhteydenpitoa, analysointia ja palveluiden kehitt\u00e4mist\u00e4 varten. K\u00e4sittely perustuu tietosuoja-asetukseen ja lakiin sosiaali- ja terveydenhuollon asiakastietojen k\u00e4sittelyst\u00e4.\u00a0<\/span><\/p><p><span style=\"font-weight: 400;\">Tiedot ker\u00e4t\u00e4\u00e4n suoraan rekister\u00f6idyilt\u00e4 itselt\u00e4\u00e4n.<\/span><\/p><p><b>Rekisterin tietosis\u00e4lt\u00f6<\/b><b><br \/><\/b><span style=\"font-weight: 400;\">Rekisteriin tallennetaan tai voidaan tallentaa seuraavia tietoja:<\/span><\/p><ul><li style=\"font-weight: 400;\" aria-level=\"1\"><span style=\"font-weight: 400;\">yhteystiedot (esimerkiksi puhelinnumero, s\u00e4hk\u00f6postiosoite)<\/span><\/li><li style=\"font-weight: 400;\" aria-level=\"1\"><span style=\"font-weight: 400;\">yksil\u00f6intitiedot (esimerkiksi nimi, henkil\u00f6tunnus, IP-osoite)<\/span><\/li><li style=\"font-weight: 400;\" aria-level=\"1\"><span style=\"font-weight: 400;\">hoidon kannalta asiakkaalta itselt\u00e4\u00e4n saadut muut tarpeelliset tiedot (esimerkiksi ammatti, vakuutusyhti\u00f6, ty\u00f6nantaja, terveystiedot)<\/span><\/li><li style=\"font-weight: 400;\" aria-level=\"1\"><span style=\"font-weight: 400;\">laskutukseen ja maksutapaan liittyv\u00e4t tiedot <\/span><\/li><\/ul><p><b>Tietojen luovuttaminen <\/b><b><br \/><\/b><span style=\"font-weight: 400;\">Tietoja ei luovuteta kolmansille osapuolille ilman lakiin perustuvaa syyt\u00e4 tai ilman asiakkaan nimenomaista suostumusta. Tietoja ei siirret\u00e4 EU:n tai Euroopan talousalueen ulkopuolelle.<\/span><\/p><p><b>Tietojen s\u00e4ilytys<\/b><b><br \/><\/b><span style=\"font-weight: 400;\">Tietoja s\u00e4ilytet\u00e4\u00e4n asiakassuhteen jatkumisen ajan ja my\u00f6s sen j\u00e4lkeen niin pitk\u00e4\u00e4n kuin laki sit\u00e4 edellytt\u00e4\u00e4. Tietojen s\u00e4ilytyksess\u00e4 huomioidaan sit\u00e4 koskeva erityislains\u00e4\u00e4d\u00e4nt\u00f6.<\/span><\/p><p><b>Tietojen suojaus<\/b><b><br \/><\/b><span style=\"font-weight: 400;\">Mahdolliset paperiset aineistot s\u00e4ilytet\u00e4\u00e4n erikseen lukituissa tiloissa, joihin on p\u00e4\u00e4sy vain rekisterinpit\u00e4j\u00e4ll\u00e4.\u00a0<\/span><\/p><p><span style=\"font-weight: 400;\">Rekisterinpit\u00e4j\u00e4n k\u00e4ytt\u00e4m\u00e4n s\u00e4hk\u00f6isen j\u00e4rjestelm\u00e4n yll\u00e4pit\u00e4j\u00e4 on GDPR-asetuksen mukainen. Tiedon k\u00e4sittelij\u00e4 on Ajas Oy, joka on A1 luokan potilastietoj\u00e4rjestelm\u00e4ksi sertifioitu.\u00a0<\/span><\/p><p><span style=\"font-weight: 400;\">Rekisteritiedon k\u00e4sittelyyn k\u00e4ytett\u00e4v\u00e4 verkkopalvelu on suojattu salasanoin ja palvelin on suojattu palomuurein, salasanoin ja muin teknisin keinoin. Salasanoja ei tallennetta palvelimelle selkokielisena\u0308 vaan ne sa\u0308ilyteta\u0308a\u0308n suojattuina ja kryptattuina. Palvelin sijaitsee lukitussa ja vartioidussa tilassa Upcloud Oy:n palvelinsalissa Helsingiss\u00e4. Tietojen s\u00e4ilyvyys on varmistettu automaattisten varmuuskopioiden avulla.<\/span><\/p><p><span style=\"font-weight: 400;\">Ajas Oy:n henkil\u00f6st\u00f6 on vaitiolovelvollinen ja jokainen on allekirjoittanut salassapitosopimukset, jossa sitoutuen olemaan paljastamatta mit\u00e4\u00e4n asiakastietoihin liittyv\u00e4\u00e4 tietoa.<\/span><\/p><p><b>Rekister\u00f6idyn oikeudet<\/b><b><br \/><\/b><span style=\"font-weight: 400;\">Asiakkaalla on oikeus saada ja tarkistaa itse\u00e4\u00e4n koskevat tiedot, oikeus vaatia virheellisen tiedon oikaisua, oikeus kielt\u00e4\u00e4 antamiensa tietojen k\u00e4ytt\u00f6 sek\u00e4 turvautua muihinkin tietosuojalains\u00e4\u00e4d\u00e4nn\u00f6ss\u00e4 mainittuihin oikeuksiinsa. Asiakkaalla on my\u00f6s oikeus pyyt\u00e4\u00e4 poistamaan tietonsa, jos ne eiv\u00e4t ole lain nojalla s\u00e4ilytett\u00e4vi\u00e4. <\/span><\/p><p><b>Ev\u00e4steet <\/b><b><br \/><\/b><span style=\"font-weight: 400;\">Rekisterinpit\u00e4j\u00e4n nettisivustolla ja ajanvarausj\u00e4rjestelm\u00e4ss\u00e4 saatetaan k\u00e4ytt\u00e4\u00e4 ev\u00e4steit\u00e4. Eva\u0308ste on pieni, ka\u0308ytta\u0308ja\u0308n selaimelle talletettava ja siella\u0308 sa\u0308ilytetta\u0308va\u0308 merkint\u00e4, joka mahdollistaa sen, ett\u00e4 k\u00e4ytt\u00e4j\u00e4lle voidaan luoda turvallinen istunto (sessio), jonka ajan j\u00e4rjestelm\u00e4 tiet\u00e4\u00e4 kyseess\u00e4 olevan saman k\u00e4ytt\u00e4j\u00e4n. Ilman eva\u0308steita\u0308 ajanvarauspalveluun kirjautuminen ei onnistu. Eva\u0308steet eiva\u0308t vahingoita ka\u0308ytta\u0308jien tietokoneita tai tiedostoja. Mika\u0308li ajanvarausj\u00e4rjestelm\u00e4ss\u00e4 vieraileva ka\u0308ytta\u0308ja\u0308 ei halua sallia ev\u00e4steit\u00e4, se on mahdollista, mutta t\u00e4ll\u00f6in palveluiden sujuvaa toimintaa ei voida taata, sill\u00e4 ev\u00e4steet ovat tarpeellisia sivujen ja palveluiden asianmukaiselle toimimiselle.<\/span><\/p><p><b>IP-tiedot<\/b><b><br \/><\/b><span style=\"font-weight: 400;\">Rekisterinpit\u00e4j\u00e4n k\u00e4ytt\u00e4m\u00e4ss\u00e4 ajanvarausj\u00e4rjestelm\u00e4ss\u00e4 vierailevien ka\u0308ytta\u0308jien IP-osoitteet tallentuvat niille varattuun lokiin. Lokia ka\u0308yteta\u0308a\u0308n mahdollisiin virheselvityksiin sek\u00e4 tietoturvan yll\u00e4pitoon. Lokiin on pa\u0308a\u0308sy ainoastaan Ajas-j\u00e4rjestelm\u00e4n henkilo\u0308sto\u0308st\u00e4 ennalta m\u00e4\u00e4r\u00e4tyill\u00e4 henkil\u00f6ill\u00e4.<\/span><\/p>\t\t\t\t\t\t\t\t<\/div>\n\t\t\t\t<\/div>\n\t\t\t\t\t<\/div>\n\t\t\t\t<\/div>\n\t\t\t\t<\/div>\n\t\t","protected":false},"excerpt":{"rendered":"<p>Henkil\u00f6tietojen k\u00e4sittely 8.7.2025 Rekisterinpit\u00e4j\u00e4FysioTeemu (3321891-1)Puistokatu 26, 38200 Sastamalawww.fysioteemu.fi\u00a0 Yhteyshenkil\u00f6:Teemu Uusitalofysioterapeuttiteemu@gmail.com 041\u00a0328 0802 K\u00e4sittelyn tarkoitus ja tietol\u00e4hteetHenkil\u00f6tietoja k\u00e4sitell\u00e4\u00e4n asiakassuhteeseen liittyvien asioiden hoitamiseen ja hallinnointiin sek\u00e4 ajanvarauksia, laskutusta, maksamista, yhteydenpitoa, analysointia ja palveluiden kehitt\u00e4mist\u00e4 varten. K\u00e4sittely perustuu tietosuoja-asetukseen ja lakiin sosiaali- ja terveydenhuollon asiakastietojen k\u00e4sittelyst\u00e4.\u00a0 Tiedot ker\u00e4t\u00e4\u00e4n suoraan rekister\u00f6idyilt\u00e4 itselt\u00e4\u00e4n. Rekisterin tietosis\u00e4lt\u00f6Rekisteriin tallennetaan tai voidaan tallentaa seuraavia [&hellip;]<\/p>\n","protected":false},"author":2,"featured_media":0,"parent":0,"menu_order":0,"comment_status":"closed","ping_status":"closed","template":"elementor_header_footer","meta":{"ocean_post_layout":"","ocean_both_sidebars_style":"","ocean_both_sidebars_content_width":0,"ocean_both_sidebars_sidebars_width":0,"ocean_sidebar":"","ocean_second_sidebar":"","ocean_disable_margins":"enable","ocean_add_body_class":"","ocean_shortcode_before_top_bar":"","ocean_shortcode_after_top_bar":"","ocean_shortcode_before_header":"","ocean_shortcode_after_header":"","ocean_has_shortcode":"","ocean_shortcode_after_title":"","ocean_shortcode_before_footer_widgets":"","ocean_shortcode_after_footer_widgets":"","ocean_shortcode_before_footer_bottom":"","ocean_shortcode_after_footer_bottom":"","ocean_display_top_bar":"default","ocean_display_header":"default","ocean_header_style":"","ocean_center_header_left_menu":"","ocean_custom_header_template":"","ocean_custom_logo":0,"ocean_custom_retina_logo":0,"ocean_custom_logo_max_width":0,"ocean_custom_logo_tablet_max_width":0,"ocean_custom_logo_mobile_max_width":0,"ocean_custom_logo_max_height":0,"ocean_custom_logo_tablet_max_height":0,"ocean_custom_logo_mobile_max_height":0,"ocean_header_custom_menu":"","ocean_menu_typo_font_family":"","ocean_menu_typo_font_subset":"","ocean_menu_typo_font_size":0,"ocean_menu_typo_font_size_tablet":0,"ocean_menu_typo_font_size_mobile":0,"ocean_menu_typo_font_size_unit":"px","ocean_menu_typo_font_weight":"","ocean_menu_typo_font_weight_tablet":"","ocean_menu_typo_font_weight_mobile":"","ocean_menu_typo_transform":"","ocean_menu_typo_transform_tablet":"","ocean_menu_typo_transform_mobile":"","ocean_menu_typo_line_height":0,"ocean_menu_typo_line_height_tablet":0,"ocean_menu_typo_line_height_mobile":0,"ocean_menu_typo_line_height_unit":"","ocean_menu_typo_spacing":0,"ocean_menu_typo_spacing_tablet":0,"ocean_menu_typo_spacing_mobile":0,"ocean_menu_typo_spacing_unit":"","ocean_menu_link_color":"","ocean_menu_link_color_hover":"","ocean_menu_link_color_active":"","ocean_menu_link_background":"","ocean_menu_link_hover_background":"","ocean_menu_link_active_background":"","ocean_menu_social_links_bg":"","ocean_menu_social_hover_links_bg":"","ocean_menu_social_links_color":"","ocean_menu_social_hover_links_color":"","ocean_disable_title":"default","ocean_disable_heading":"default","ocean_post_title":"","ocean_post_subheading":"","ocean_post_title_style":"","ocean_post_title_background_color":"","ocean_post_title_background":0,"ocean_post_title_bg_image_position":"","ocean_post_title_bg_image_attachment":"","ocean_post_title_bg_image_repeat":"","ocean_post_title_bg_image_size":"","ocean_post_title_height":0,"ocean_post_title_bg_overlay":0.5,"ocean_post_title_bg_overlay_color":"","ocean_disable_breadcrumbs":"default","ocean_breadcrumbs_color":"","ocean_breadcrumbs_separator_color":"","ocean_breadcrumbs_links_color":"","ocean_breadcrumbs_links_hover_color":"","ocean_display_footer_widgets":"default","ocean_display_footer_bottom":"default","ocean_custom_footer_template":"","footnotes":""},"class_list":["post-314","page","type-page","status-publish","hentry","entry"],"_links":{"self":[{"href":"https:\/\/www.fysioteemu.fi\/index.php?rest_route=\/wp\/v2\/pages\/314","targetHints":{"allow":["GET"]}}],"collection":[{"href":"https:\/\/www.fysioteemu.fi\/index.php?rest_route=\/wp\/v2\/pages"}],"about":[{"href":"https:\/\/www.fysioteemu.fi\/index.php?rest_route=\/wp\/v2\/types\/page"}],"author":[{"embeddable":true,"href":"https:\/\/www.fysioteemu.fi\/index.php?rest_route=\/wp\/v2\/users\/2"}],"replies":[{"embeddable":true,"href":"https:\/\/www.fysioteemu.fi\/index.php?rest_route=%2Fwp%2Fv2%2Fcomments&post=314"}],"version-history":[{"count":3,"href":"https:\/\/www.fysioteemu.fi\/index.php?rest_route=\/wp\/v2\/pages\/314\/revisions"}],"predecessor-version":[{"id":317,"href":"https:\/\/www.fysioteemu.fi\/index.php?rest_route=\/wp\/v2\/pages\/314\/revisions\/317"}],"wp:attachment":[{"href":"https:\/\/www.fysioteemu.fi\/index.php?rest_route=%2Fwp%2Fv2%2Fmedia&parent=314"}],"curies":[{"name":"wp","href":"https:\/\/api.w.org\/{rel}","templated":true}]}}